{"id":9589,"date":"2022-12-16T11:05:02","date_gmt":"2022-12-16T14:05:02","guid":{"rendered":"http:\/\/www.todoriego.com.ar\/site\/?post_type=product&#038;p=9589"},"modified":"2022-12-16T11:19:25","modified_gmt":"2022-12-16T14:19:25","slug":"codo-45-encolar","status":"publish","type":"product","link":"https:\/\/www.todoriego.com.ar\/site\/producto\/codo-45-encolar\/","title":{"rendered":"Codo 45\u00b0 Encolar"},"content":{"rendered":"<div class=\"wrapper2\">\n<div class=\"fright\">\n<div class=\"short_desc\">Los accesorios de presi\u00f3n de Hidroten son elementos de enlace para conducciones que han sido dise\u00f1adas para que uno o todos sus extremos sean unidos mediante sistemas de encolado. Hidroten, con sus familias 1 y 2, permite el encolado y la uni\u00f3n con otro tipo de sistemas que pueden ser realizadas mediante rosca normalizada en el otro extremo de la uni\u00f3n, tambi\u00e9n ofrece la posibilidad de realizar uniones no fijas mediante el empleo de uniones de tres piezas, que permiten la separaci\u00f3n de las tuber\u00edas a enlazar sin tener que romper la uni\u00f3n f\u00edsica entre enlaces y conducciones que se hayan realizado mediante encolado o rosca.<\/div>\n<div class=\"product-box2\">\n<div class=\"clear\"><\/div>\n<\/div>\n<\/div>\n<\/div>\n<div class=\"clear\"><\/div>\n<div class=\"example2\">\n<div class=\"tabs_show\">\n<div class=\"responsive-tabs-wrapper\">\n<div class=\"responsive-tabs responsive-tabs--enabled\"><\/div>\n<\/div>\n<\/div>\n<\/div>\n","protected":false},"excerpt":{"rendered":"<p><img loading=\"lazy\" decoding=\"async\" class=\"alignnone size-full wp-image-8735\" src=\"https:\/\/www.todoriego.com.ar\/site\/wp-content\/uploads\/2022\/07\/hidroten.png\" alt=\"hidroten\" width=\"103\" height=\"50\" \/><\/p>\n","protected":false},"featured_media":9431,"template":"","meta":{"_acf_changed":false},"product_brand":[],"product_cat":[30,38,98],"product_tag":[],"class_list":{"0":"post-9589","1":"product","2":"type-product","3":"status-publish","4":"has-post-thumbnail","6":"product_cat-agricultura","7":"product_cat-tuberias-de-conduccion-y-accesorios","8":"product_cat-accesorios-de-pvc","10":"first","11":"instock","12":"shipping-taxable","13":"product-type-simple"},"acf":[],"yoast_head":"<!-- This site is optimized with the Yoast SEO plugin v27.1.1 - https:\/\/yoast.com\/product\/yoast-seo-wordpress\/ -->\n<title>Codo 45\u00b0 Encolar - Todoriego Insumos SRL<\/title>\n<meta name=\"description\" content=\"Los accesorios de presi\u00f3n de Hidroten son elementos de enlace para conducciones que han sido dise\u00f1adas para que uno o todos sus extremos sean unidos mediante sistemas de encolado.\" \/>\n<meta name=\"robots\" content=\"index, follow, max-snippet:-1, max-image-preview:large, max-video-preview:-1\" \/>\n<link rel=\"canonical\" href=\"https:\/\/www.todoriego.com.ar\/site\/producto\/codo-45-encolar\/\" \/>\n<meta property=\"og:locale\" content=\"es_ES\" \/>\n<meta property=\"og:type\" content=\"article\" \/>\n<meta property=\"og:title\" content=\"Codo 45\u00b0 Encolar - Todoriego Insumos SRL\" \/>\n<meta property=\"og:description\" content=\"Los accesorios de presi\u00f3n de Hidroten son elementos de enlace para conducciones que han sido dise\u00f1adas para que uno o todos sus extremos sean unidos mediante sistemas de encolado.\" \/>\n<meta property=\"og:url\" content=\"https:\/\/www.todoriego.com.ar\/site\/producto\/codo-45-encolar\/\" \/>\n<meta property=\"og:site_name\" content=\"Todoriego Insumos SRL\" \/>\n<meta property=\"article:publisher\" content=\"https:\/\/www.facebook.com\/todoriegoinsumos\/\" \/>\n<meta property=\"article:modified_time\" content=\"2022-12-16T14:19:25+00:00\" \/>\n<meta property=\"og:image\" content=\"https:\/\/www.todoriego.com.ar\/site\/wp-content\/uploads\/2022\/12\/productos_agricultura_tucon_06.jpg\" \/>\n\t<meta property=\"og:image:width\" content=\"600\" \/>\n\t<meta property=\"og:image:height\" content=\"600\" \/>\n\t<meta property=\"og:image:type\" content=\"image\/jpeg\" \/>\n<meta name=\"twitter:card\" content=\"summary_large_image\" \/>\n<meta name=\"twitter:label1\" content=\"Tiempo de lectura\" \/>\n\t<meta name=\"twitter:data1\" content=\"1 minuto\" \/>\n<script type=\"application\/ld+json\" class=\"yoast-schema-graph\">{\"@context\":\"https:\/\/schema.org\",\"@graph\":[{\"@type\":\"WebPage\",\"@id\":\"https:\/\/www.todoriego.com.ar\/site\/producto\/codo-45-encolar\/\",\"url\":\"https:\/\/www.todoriego.com.ar\/site\/producto\/codo-45-encolar\/\",\"name\":\"Codo 45\u00b0 Encolar - Todoriego Insumos SRL\",\"isPartOf\":{\"@id\":\"https:\/\/www.todoriego.com.ar\/site\/#website\"},\"primaryImageOfPage\":{\"@id\":\"https:\/\/www.todoriego.com.ar\/site\/producto\/codo-45-encolar\/#primaryimage\"},\"image\":{\"@id\":\"https:\/\/www.todoriego.com.ar\/site\/producto\/codo-45-encolar\/#primaryimage\"},\"thumbnailUrl\":\"https:\/\/www.todoriego.com.ar\/site\/wp-content\/uploads\/2022\/12\/productos_agricultura_tucon_06.jpg\",\"datePublished\":\"2022-12-16T14:05:02+00:00\",\"dateModified\":\"2022-12-16T14:19:25+00:00\",\"description\":\"Los accesorios de presi\u00f3n de Hidroten son elementos de enlace para conducciones que han sido dise\u00f1adas para que uno o todos sus extremos sean unidos mediante sistemas de encolado.\",\"breadcrumb\":{\"@id\":\"https:\/\/www.todoriego.com.ar\/site\/producto\/codo-45-encolar\/#breadcrumb\"},\"inLanguage\":\"es-AR\",\"potentialAction\":[{\"@type\":\"ReadAction\",\"target\":[\"https:\/\/www.todoriego.com.ar\/site\/producto\/codo-45-encolar\/\"]}]},{\"@type\":\"ImageObject\",\"inLanguage\":\"es-AR\",\"@id\":\"https:\/\/www.todoriego.com.ar\/site\/producto\/codo-45-encolar\/#primaryimage\",\"url\":\"https:\/\/www.todoriego.com.ar\/site\/wp-content\/uploads\/2022\/12\/productos_agricultura_tucon_06.jpg\",\"contentUrl\":\"https:\/\/www.todoriego.com.ar\/site\/wp-content\/uploads\/2022\/12\/productos_agricultura_tucon_06.jpg\",\"width\":600,\"height\":600},{\"@type\":\"BreadcrumbList\",\"@id\":\"https:\/\/www.todoriego.com.ar\/site\/producto\/codo-45-encolar\/#breadcrumb\",\"itemListElement\":[{\"@type\":\"ListItem\",\"position\":1,\"name\":\"Inicio\",\"item\":\"https:\/\/www.todoriego.com.ar\/site\/\"},{\"@type\":\"ListItem\",\"position\":2,\"name\":\"Tienda\",\"item\":\"https:\/\/www.todoriego.com.ar\/site\/tienda\/\"},{\"@type\":\"ListItem\",\"position\":3,\"name\":\"Codo 45\u00b0 Encolar\"}]},{\"@type\":\"WebSite\",\"@id\":\"https:\/\/www.todoriego.com.ar\/site\/#website\",\"url\":\"https:\/\/www.todoriego.com.ar\/site\/\",\"name\":\"Todoriego Insumos SRL\",\"description\":\"Sabemos hacer riego\",\"publisher\":{\"@id\":\"https:\/\/www.todoriego.com.ar\/site\/#organization\"},\"potentialAction\":[{\"@type\":\"SearchAction\",\"target\":{\"@type\":\"EntryPoint\",\"urlTemplate\":\"https:\/\/www.todoriego.com.ar\/site\/?s={search_term_string}\"},\"query-input\":{\"@type\":\"PropertyValueSpecification\",\"valueRequired\":true,\"valueName\":\"search_term_string\"}}],\"inLanguage\":\"es-AR\"},{\"@type\":\"Organization\",\"@id\":\"https:\/\/www.todoriego.com.ar\/site\/#organization\",\"name\":\"Todoriego Insumos s.r.l.\",\"url\":\"https:\/\/www.todoriego.com.ar\/site\/\",\"logo\":{\"@type\":\"ImageObject\",\"inLanguage\":\"es-AR\",\"@id\":\"https:\/\/www.todoriego.com.ar\/site\/#\/schema\/logo\/image\/\",\"url\":\"http:\/\/www.todoriego.com.ar\/site\/wp-content\/uploads\/2022\/07\/todoriego_marca.jpg\",\"contentUrl\":\"http:\/\/www.todoriego.com.ar\/site\/wp-content\/uploads\/2022\/07\/todoriego_marca.jpg\",\"width\":731,\"height\":731,\"caption\":\"Todoriego Insumos s.r.l.\"},\"image\":{\"@id\":\"https:\/\/www.todoriego.com.ar\/site\/#\/schema\/logo\/image\/\"},\"sameAs\":[\"https:\/\/www.facebook.com\/todoriegoinsumos\/\",\"https:\/\/www.instagram.com\/todoriegoinsumos\/\"]}]}<\/script>\n<!-- \/ Yoast SEO plugin. -->","yoast_head_json":{"title":"Codo 45\u00b0 Encolar - Todoriego Insumos SRL","description":"Los accesorios de presi\u00f3n de Hidroten son elementos de enlace para conducciones que han sido dise\u00f1adas para que uno o todos sus extremos sean unidos mediante sistemas de encolado.","robots":{"index":"index","follow":"follow","max-snippet":"max-snippet:-1","max-image-preview":"max-image-preview:large","max-video-preview":"max-video-preview:-1"},"canonical":"https:\/\/www.todoriego.com.ar\/site\/producto\/codo-45-encolar\/","og_locale":"es_ES","og_type":"article","og_title":"Codo 45\u00b0 Encolar - Todoriego Insumos SRL","og_description":"Los accesorios de presi\u00f3n de Hidroten son elementos de enlace para conducciones que han sido dise\u00f1adas para que uno o todos sus extremos sean unidos mediante sistemas de encolado.","og_url":"https:\/\/www.todoriego.com.ar\/site\/producto\/codo-45-encolar\/","og_site_name":"Todoriego Insumos SRL","article_publisher":"https:\/\/www.facebook.com\/todoriegoinsumos\/","article_modified_time":"2022-12-16T14:19:25+00:00","og_image":[{"width":600,"height":600,"url":"https:\/\/www.todoriego.com.ar\/site\/wp-content\/uploads\/2022\/12\/productos_agricultura_tucon_06.jpg","type":"image\/jpeg"}],"twitter_card":"summary_large_image","twitter_misc":{"Tiempo de lectura":"1 minuto"},"schema":{"@context":"https:\/\/schema.org","@graph":[{"@type":"WebPage","@id":"https:\/\/www.todoriego.com.ar\/site\/producto\/codo-45-encolar\/","url":"https:\/\/www.todoriego.com.ar\/site\/producto\/codo-45-encolar\/","name":"Codo 45\u00b0 Encolar - Todoriego Insumos SRL","isPartOf":{"@id":"https:\/\/www.todoriego.com.ar\/site\/#website"},"primaryImageOfPage":{"@id":"https:\/\/www.todoriego.com.ar\/site\/producto\/codo-45-encolar\/#primaryimage"},"image":{"@id":"https:\/\/www.todoriego.com.ar\/site\/producto\/codo-45-encolar\/#primaryimage"},"thumbnailUrl":"https:\/\/www.todoriego.com.ar\/site\/wp-content\/uploads\/2022\/12\/productos_agricultura_tucon_06.jpg","datePublished":"2022-12-16T14:05:02+00:00","dateModified":"2022-12-16T14:19:25+00:00","description":"Los accesorios de presi\u00f3n de Hidroten son elementos de enlace para conducciones que han sido dise\u00f1adas para que uno o todos sus extremos sean unidos mediante sistemas de encolado.","breadcrumb":{"@id":"https:\/\/www.todoriego.com.ar\/site\/producto\/codo-45-encolar\/#breadcrumb"},"inLanguage":"es-AR","potentialAction":[{"@type":"ReadAction","target":["https:\/\/www.todoriego.com.ar\/site\/producto\/codo-45-encolar\/"]}]},{"@type":"ImageObject","inLanguage":"es-AR","@id":"https:\/\/www.todoriego.com.ar\/site\/producto\/codo-45-encolar\/#primaryimage","url":"https:\/\/www.todoriego.com.ar\/site\/wp-content\/uploads\/2022\/12\/productos_agricultura_tucon_06.jpg","contentUrl":"https:\/\/www.todoriego.com.ar\/site\/wp-content\/uploads\/2022\/12\/productos_agricultura_tucon_06.jpg","width":600,"height":600},{"@type":"BreadcrumbList","@id":"https:\/\/www.todoriego.com.ar\/site\/producto\/codo-45-encolar\/#breadcrumb","itemListElement":[{"@type":"ListItem","position":1,"name":"Inicio","item":"https:\/\/www.todoriego.com.ar\/site\/"},{"@type":"ListItem","position":2,"name":"Tienda","item":"https:\/\/www.todoriego.com.ar\/site\/tienda\/"},{"@type":"ListItem","position":3,"name":"Codo 45\u00b0 Encolar"}]},{"@type":"WebSite","@id":"https:\/\/www.todoriego.com.ar\/site\/#website","url":"https:\/\/www.todoriego.com.ar\/site\/","name":"Todoriego Insumos SRL","description":"Sabemos hacer riego","publisher":{"@id":"https:\/\/www.todoriego.com.ar\/site\/#organization"},"potentialAction":[{"@type":"SearchAction","target":{"@type":"EntryPoint","urlTemplate":"https:\/\/www.todoriego.com.ar\/site\/?s={search_term_string}"},"query-input":{"@type":"PropertyValueSpecification","valueRequired":true,"valueName":"search_term_string"}}],"inLanguage":"es-AR"},{"@type":"Organization","@id":"https:\/\/www.todoriego.com.ar\/site\/#organization","name":"Todoriego Insumos s.r.l.","url":"https:\/\/www.todoriego.com.ar\/site\/","logo":{"@type":"ImageObject","inLanguage":"es-AR","@id":"https:\/\/www.todoriego.com.ar\/site\/#\/schema\/logo\/image\/","url":"http:\/\/www.todoriego.com.ar\/site\/wp-content\/uploads\/2022\/07\/todoriego_marca.jpg","contentUrl":"http:\/\/www.todoriego.com.ar\/site\/wp-content\/uploads\/2022\/07\/todoriego_marca.jpg","width":731,"height":731,"caption":"Todoriego Insumos s.r.l."},"image":{"@id":"https:\/\/www.todoriego.com.ar\/site\/#\/schema\/logo\/image\/"},"sameAs":["https:\/\/www.facebook.com\/todoriegoinsumos\/","https:\/\/www.instagram.com\/todoriegoinsumos\/"]}]}},"_links":{"self":[{"href":"https:\/\/www.todoriego.com.ar\/site\/wp-json\/wp\/v2\/product\/9589","targetHints":{"allow":["GET"]}}],"collection":[{"href":"https:\/\/www.todoriego.com.ar\/site\/wp-json\/wp\/v2\/product"}],"about":[{"href":"https:\/\/www.todoriego.com.ar\/site\/wp-json\/wp\/v2\/types\/product"}],"wp:featuredmedia":[{"embeddable":true,"href":"https:\/\/www.todoriego.com.ar\/site\/wp-json\/wp\/v2\/media\/9431"}],"wp:attachment":[{"href":"https:\/\/www.todoriego.com.ar\/site\/wp-json\/wp\/v2\/media?parent=9589"}],"wp:term":[{"taxonomy":"product_brand","embeddable":true,"href":"https:\/\/www.todoriego.com.ar\/site\/wp-json\/wp\/v2\/product_brand?post=9589"},{"taxonomy":"product_cat","embeddable":true,"href":"https:\/\/www.todoriego.com.ar\/site\/wp-json\/wp\/v2\/product_cat?post=9589"},{"taxonomy":"product_tag","embeddable":true,"href":"https:\/\/www.todoriego.com.ar\/site\/wp-json\/wp\/v2\/product_tag?post=9589"}],"curies":[{"name":"wp","href":"https:\/\/api.w.org\/{rel}","templated":true}]}}