{"id":9820,"date":"2023-06-27T10:01:46","date_gmt":"2023-06-27T13:01:46","guid":{"rendered":"https:\/\/www.todoriego.com.ar\/site\/?post_type=product&#038;p=9820"},"modified":"2023-06-27T14:44:44","modified_gmt":"2023-06-27T17:44:44","slug":"pinza-especial-para-abrazaderas-plasticas","status":"publish","type":"product","link":"https:\/\/www.todoriego.com.ar\/site\/producto\/pinza-especial-para-abrazaderas-plasticas\/","title":{"rendered":"Pinza Especial para abrazaderas pl\u00e1sticas"},"content":{"rendered":"<p><strong>Caracter\u00edsticas<\/strong><br \/>\nCon un avanzado dise\u00f1o para montar y desmontar abrazaderas pl\u00e1sticas.<\/p>\n","protected":false},"excerpt":{"rendered":"<p><img loading=\"lazy\" decoding=\"async\" class=\"alignnone size-full wp-image-8737\" src=\"https:\/\/www.todoriego.com.ar\/site\/wp-content\/uploads\/2022\/07\/todoriego.png\" alt=\"\" width=\"103\" height=\"50\" \/><\/p>\n","protected":false},"featured_media":9818,"template":"","meta":{"_acf_changed":false},"product_brand":[],"product_cat":[30,38,149],"product_tag":[],"class_list":{"0":"post-9820","1":"product","2":"type-product","3":"status-publish","4":"has-post-thumbnail","6":"product_cat-agricultura","7":"product_cat-tuberias-de-conduccion-y-accesorios","8":"product_cat-pinza-especial-para-abrazaderas-plasticas","10":"first","11":"instock","12":"shipping-taxable","13":"product-type-simple"},"acf":[],"yoast_head":"<!-- This site is optimized with the Yoast SEO plugin v27.1.1 - https:\/\/yoast.com\/product\/yoast-seo-wordpress\/ -->\n<title>Pinza Especial para abrazaderas pl\u00e1sticas - Todoriego Insumos SRL<\/title>\n<meta name=\"description\" content=\"Con un avanzado dise\u00f1o estas abrazaderas est\u00e1n fabricadas de resina acetal, reemplazan con significativas ventajas las similares de otros materiales.\" \/>\n<meta name=\"robots\" content=\"index, follow, max-snippet:-1, max-image-preview:large, max-video-preview:-1\" \/>\n<link rel=\"canonical\" href=\"https:\/\/www.todoriego.com.ar\/site\/producto\/pinza-especial-para-abrazaderas-plasticas\/\" \/>\n<meta property=\"og:locale\" content=\"es_ES\" \/>\n<meta property=\"og:type\" content=\"article\" \/>\n<meta property=\"og:title\" content=\"Pinza Especial para abrazaderas pl\u00e1sticas - Todoriego Insumos SRL\" \/>\n<meta property=\"og:description\" content=\"Con un avanzado dise\u00f1o estas abrazaderas est\u00e1n fabricadas de resina acetal, reemplazan con significativas ventajas las similares de otros materiales.\" \/>\n<meta property=\"og:url\" content=\"https:\/\/www.todoriego.com.ar\/site\/producto\/pinza-especial-para-abrazaderas-plasticas\/\" \/>\n<meta property=\"og:site_name\" content=\"Todoriego Insumos SRL\" \/>\n<meta property=\"article:publisher\" content=\"https:\/\/www.facebook.com\/todoriegoinsumos\/\" \/>\n<meta property=\"article:modified_time\" content=\"2023-06-27T17:44:44+00:00\" \/>\n<meta property=\"og:image\" content=\"https:\/\/www.todoriego.com.ar\/site\/wp-content\/uploads\/2023\/06\/productos_agricultura_tucon_abrazaderas_plasticas_Pinza.jpg\" \/>\n\t<meta property=\"og:image:width\" content=\"600\" \/>\n\t<meta property=\"og:image:height\" content=\"600\" \/>\n\t<meta property=\"og:image:type\" content=\"image\/jpeg\" \/>\n<meta name=\"twitter:card\" content=\"summary_large_image\" \/>\n<meta name=\"twitter:label1\" content=\"Tiempo de lectura\" \/>\n\t<meta name=\"twitter:data1\" content=\"1 minuto\" \/>\n<script type=\"application\/ld+json\" class=\"yoast-schema-graph\">{\"@context\":\"https:\/\/schema.org\",\"@graph\":[{\"@type\":\"WebPage\",\"@id\":\"https:\/\/www.todoriego.com.ar\/site\/producto\/pinza-especial-para-abrazaderas-plasticas\/\",\"url\":\"https:\/\/www.todoriego.com.ar\/site\/producto\/pinza-especial-para-abrazaderas-plasticas\/\",\"name\":\"Pinza Especial para abrazaderas pl\u00e1sticas - Todoriego Insumos SRL\",\"isPartOf\":{\"@id\":\"https:\/\/www.todoriego.com.ar\/site\/#website\"},\"primaryImageOfPage\":{\"@id\":\"https:\/\/www.todoriego.com.ar\/site\/producto\/pinza-especial-para-abrazaderas-plasticas\/#primaryimage\"},\"image\":{\"@id\":\"https:\/\/www.todoriego.com.ar\/site\/producto\/pinza-especial-para-abrazaderas-plasticas\/#primaryimage\"},\"thumbnailUrl\":\"https:\/\/www.todoriego.com.ar\/site\/wp-content\/uploads\/2023\/06\/productos_agricultura_tucon_abrazaderas_plasticas_Pinza.jpg\",\"datePublished\":\"2023-06-27T13:01:46+00:00\",\"dateModified\":\"2023-06-27T17:44:44+00:00\",\"description\":\"Con un avanzado dise\u00f1o estas abrazaderas est\u00e1n fabricadas de resina acetal, reemplazan con significativas ventajas las similares de otros materiales.\",\"breadcrumb\":{\"@id\":\"https:\/\/www.todoriego.com.ar\/site\/producto\/pinza-especial-para-abrazaderas-plasticas\/#breadcrumb\"},\"inLanguage\":\"es-AR\",\"potentialAction\":[{\"@type\":\"ReadAction\",\"target\":[\"https:\/\/www.todoriego.com.ar\/site\/producto\/pinza-especial-para-abrazaderas-plasticas\/\"]}]},{\"@type\":\"ImageObject\",\"inLanguage\":\"es-AR\",\"@id\":\"https:\/\/www.todoriego.com.ar\/site\/producto\/pinza-especial-para-abrazaderas-plasticas\/#primaryimage\",\"url\":\"https:\/\/www.todoriego.com.ar\/site\/wp-content\/uploads\/2023\/06\/productos_agricultura_tucon_abrazaderas_plasticas_Pinza.jpg\",\"contentUrl\":\"https:\/\/www.todoriego.com.ar\/site\/wp-content\/uploads\/2023\/06\/productos_agricultura_tucon_abrazaderas_plasticas_Pinza.jpg\",\"width\":600,\"height\":600},{\"@type\":\"BreadcrumbList\",\"@id\":\"https:\/\/www.todoriego.com.ar\/site\/producto\/pinza-especial-para-abrazaderas-plasticas\/#breadcrumb\",\"itemListElement\":[{\"@type\":\"ListItem\",\"position\":1,\"name\":\"Inicio\",\"item\":\"https:\/\/www.todoriego.com.ar\/site\/\"},{\"@type\":\"ListItem\",\"position\":2,\"name\":\"Tienda\",\"item\":\"https:\/\/www.todoriego.com.ar\/site\/tienda\/\"},{\"@type\":\"ListItem\",\"position\":3,\"name\":\"Pinza Especial para abrazaderas pl\u00e1sticas\"}]},{\"@type\":\"WebSite\",\"@id\":\"https:\/\/www.todoriego.com.ar\/site\/#website\",\"url\":\"https:\/\/www.todoriego.com.ar\/site\/\",\"name\":\"Todoriego Insumos SRL\",\"description\":\"Sabemos hacer riego\",\"publisher\":{\"@id\":\"https:\/\/www.todoriego.com.ar\/site\/#organization\"},\"potentialAction\":[{\"@type\":\"SearchAction\",\"target\":{\"@type\":\"EntryPoint\",\"urlTemplate\":\"https:\/\/www.todoriego.com.ar\/site\/?s={search_term_string}\"},\"query-input\":{\"@type\":\"PropertyValueSpecification\",\"valueRequired\":true,\"valueName\":\"search_term_string\"}}],\"inLanguage\":\"es-AR\"},{\"@type\":\"Organization\",\"@id\":\"https:\/\/www.todoriego.com.ar\/site\/#organization\",\"name\":\"Todoriego Insumos s.r.l.\",\"url\":\"https:\/\/www.todoriego.com.ar\/site\/\",\"logo\":{\"@type\":\"ImageObject\",\"inLanguage\":\"es-AR\",\"@id\":\"https:\/\/www.todoriego.com.ar\/site\/#\/schema\/logo\/image\/\",\"url\":\"http:\/\/www.todoriego.com.ar\/site\/wp-content\/uploads\/2022\/07\/todoriego_marca.jpg\",\"contentUrl\":\"http:\/\/www.todoriego.com.ar\/site\/wp-content\/uploads\/2022\/07\/todoriego_marca.jpg\",\"width\":731,\"height\":731,\"caption\":\"Todoriego Insumos s.r.l.\"},\"image\":{\"@id\":\"https:\/\/www.todoriego.com.ar\/site\/#\/schema\/logo\/image\/\"},\"sameAs\":[\"https:\/\/www.facebook.com\/todoriegoinsumos\/\",\"https:\/\/www.instagram.com\/todoriegoinsumos\/\"]}]}<\/script>\n<!-- \/ Yoast SEO plugin. -->","yoast_head_json":{"title":"Pinza Especial para abrazaderas pl\u00e1sticas - Todoriego Insumos SRL","description":"Con un avanzado dise\u00f1o estas abrazaderas est\u00e1n fabricadas de resina acetal, reemplazan con significativas ventajas las similares de otros materiales.","robots":{"index":"index","follow":"follow","max-snippet":"max-snippet:-1","max-image-preview":"max-image-preview:large","max-video-preview":"max-video-preview:-1"},"canonical":"https:\/\/www.todoriego.com.ar\/site\/producto\/pinza-especial-para-abrazaderas-plasticas\/","og_locale":"es_ES","og_type":"article","og_title":"Pinza Especial para abrazaderas pl\u00e1sticas - Todoriego Insumos SRL","og_description":"Con un avanzado dise\u00f1o estas abrazaderas est\u00e1n fabricadas de resina acetal, reemplazan con significativas ventajas las similares de otros materiales.","og_url":"https:\/\/www.todoriego.com.ar\/site\/producto\/pinza-especial-para-abrazaderas-plasticas\/","og_site_name":"Todoriego Insumos SRL","article_publisher":"https:\/\/www.facebook.com\/todoriegoinsumos\/","article_modified_time":"2023-06-27T17:44:44+00:00","og_image":[{"width":600,"height":600,"url":"https:\/\/www.todoriego.com.ar\/site\/wp-content\/uploads\/2023\/06\/productos_agricultura_tucon_abrazaderas_plasticas_Pinza.jpg","type":"image\/jpeg"}],"twitter_card":"summary_large_image","twitter_misc":{"Tiempo de lectura":"1 minuto"},"schema":{"@context":"https:\/\/schema.org","@graph":[{"@type":"WebPage","@id":"https:\/\/www.todoriego.com.ar\/site\/producto\/pinza-especial-para-abrazaderas-plasticas\/","url":"https:\/\/www.todoriego.com.ar\/site\/producto\/pinza-especial-para-abrazaderas-plasticas\/","name":"Pinza Especial para abrazaderas pl\u00e1sticas - Todoriego Insumos SRL","isPartOf":{"@id":"https:\/\/www.todoriego.com.ar\/site\/#website"},"primaryImageOfPage":{"@id":"https:\/\/www.todoriego.com.ar\/site\/producto\/pinza-especial-para-abrazaderas-plasticas\/#primaryimage"},"image":{"@id":"https:\/\/www.todoriego.com.ar\/site\/producto\/pinza-especial-para-abrazaderas-plasticas\/#primaryimage"},"thumbnailUrl":"https:\/\/www.todoriego.com.ar\/site\/wp-content\/uploads\/2023\/06\/productos_agricultura_tucon_abrazaderas_plasticas_Pinza.jpg","datePublished":"2023-06-27T13:01:46+00:00","dateModified":"2023-06-27T17:44:44+00:00","description":"Con un avanzado dise\u00f1o estas abrazaderas est\u00e1n fabricadas de resina acetal, reemplazan con significativas ventajas las similares de otros materiales.","breadcrumb":{"@id":"https:\/\/www.todoriego.com.ar\/site\/producto\/pinza-especial-para-abrazaderas-plasticas\/#breadcrumb"},"inLanguage":"es-AR","potentialAction":[{"@type":"ReadAction","target":["https:\/\/www.todoriego.com.ar\/site\/producto\/pinza-especial-para-abrazaderas-plasticas\/"]}]},{"@type":"ImageObject","inLanguage":"es-AR","@id":"https:\/\/www.todoriego.com.ar\/site\/producto\/pinza-especial-para-abrazaderas-plasticas\/#primaryimage","url":"https:\/\/www.todoriego.com.ar\/site\/wp-content\/uploads\/2023\/06\/productos_agricultura_tucon_abrazaderas_plasticas_Pinza.jpg","contentUrl":"https:\/\/www.todoriego.com.ar\/site\/wp-content\/uploads\/2023\/06\/productos_agricultura_tucon_abrazaderas_plasticas_Pinza.jpg","width":600,"height":600},{"@type":"BreadcrumbList","@id":"https:\/\/www.todoriego.com.ar\/site\/producto\/pinza-especial-para-abrazaderas-plasticas\/#breadcrumb","itemListElement":[{"@type":"ListItem","position":1,"name":"Inicio","item":"https:\/\/www.todoriego.com.ar\/site\/"},{"@type":"ListItem","position":2,"name":"Tienda","item":"https:\/\/www.todoriego.com.ar\/site\/tienda\/"},{"@type":"ListItem","position":3,"name":"Pinza Especial para abrazaderas pl\u00e1sticas"}]},{"@type":"WebSite","@id":"https:\/\/www.todoriego.com.ar\/site\/#website","url":"https:\/\/www.todoriego.com.ar\/site\/","name":"Todoriego Insumos SRL","description":"Sabemos hacer riego","publisher":{"@id":"https:\/\/www.todoriego.com.ar\/site\/#organization"},"potentialAction":[{"@type":"SearchAction","target":{"@type":"EntryPoint","urlTemplate":"https:\/\/www.todoriego.com.ar\/site\/?s={search_term_string}"},"query-input":{"@type":"PropertyValueSpecification","valueRequired":true,"valueName":"search_term_string"}}],"inLanguage":"es-AR"},{"@type":"Organization","@id":"https:\/\/www.todoriego.com.ar\/site\/#organization","name":"Todoriego Insumos s.r.l.","url":"https:\/\/www.todoriego.com.ar\/site\/","logo":{"@type":"ImageObject","inLanguage":"es-AR","@id":"https:\/\/www.todoriego.com.ar\/site\/#\/schema\/logo\/image\/","url":"http:\/\/www.todoriego.com.ar\/site\/wp-content\/uploads\/2022\/07\/todoriego_marca.jpg","contentUrl":"http:\/\/www.todoriego.com.ar\/site\/wp-content\/uploads\/2022\/07\/todoriego_marca.jpg","width":731,"height":731,"caption":"Todoriego Insumos s.r.l."},"image":{"@id":"https:\/\/www.todoriego.com.ar\/site\/#\/schema\/logo\/image\/"},"sameAs":["https:\/\/www.facebook.com\/todoriegoinsumos\/","https:\/\/www.instagram.com\/todoriegoinsumos\/"]}]}},"_links":{"self":[{"href":"https:\/\/www.todoriego.com.ar\/site\/wp-json\/wp\/v2\/product\/9820","targetHints":{"allow":["GET"]}}],"collection":[{"href":"https:\/\/www.todoriego.com.ar\/site\/wp-json\/wp\/v2\/product"}],"about":[{"href":"https:\/\/www.todoriego.com.ar\/site\/wp-json\/wp\/v2\/types\/product"}],"wp:featuredmedia":[{"embeddable":true,"href":"https:\/\/www.todoriego.com.ar\/site\/wp-json\/wp\/v2\/media\/9818"}],"wp:attachment":[{"href":"https:\/\/www.todoriego.com.ar\/site\/wp-json\/wp\/v2\/media?parent=9820"}],"wp:term":[{"taxonomy":"product_brand","embeddable":true,"href":"https:\/\/www.todoriego.com.ar\/site\/wp-json\/wp\/v2\/product_brand?post=9820"},{"taxonomy":"product_cat","embeddable":true,"href":"https:\/\/www.todoriego.com.ar\/site\/wp-json\/wp\/v2\/product_cat?post=9820"},{"taxonomy":"product_tag","embeddable":true,"href":"https:\/\/www.todoriego.com.ar\/site\/wp-json\/wp\/v2\/product_tag?post=9820"}],"curies":[{"name":"wp","href":"https:\/\/api.w.org\/{rel}","templated":true}]}}